{"id":22702,"date":"2021-11-19T08:20:07","date_gmt":"2021-11-19T07:20:07","guid":{"rendered":"https:\/\/castel.it\/qualidade-e-investigacao\/"},"modified":"2021-11-19T08:20:35","modified_gmt":"2021-11-19T07:20:35","slug":"qualidade-e-investigacao","status":"publish","type":"page","link":"https:\/\/castel.it\/pt-pt\/qualidade\/","title":{"rendered":"Qualidade E Investiga\u00e7\u00e3o"},"content":{"rendered":"\t\t<div data-elementor-type=\"wp-page\" data-elementor-id=\"22702\" class=\"elementor elementor-22702 elementor-20855\" data-elementor-post-type=\"page\">\n\t\t\t\t\t\t<section data-particle_enable=\"false\" data-particle-mobile-disabled=\"false\" class=\"elementor-section elementor-top-section elementor-element elementor-element-78942f8 tstk-col-stretched-none tstk-bg-color-over-image elementor-section-boxed elementor-section-height-default elementor-section-height-default\" data-id=\"78942f8\" data-element_type=\"section\" data-e-type=\"section\">\n\t\t\t\t\t\t<div class=\"elementor-container elementor-column-gap-default\">\n\t\t\t\t\t<div class=\"elementor-column elementor-col-100 elementor-top-column elementor-element elementor-element-2a34210 tstk-bg-color-over-image\" data-id=\"2a34210\" data-element_type=\"column\" data-e-type=\"column\">\n\t\t\t<div class=\"elementor-widget-wrap elementor-element-populated\">\n\t\t\t\t\t\t<div class=\"elementor-element elementor-element-43dbbfb elementor-widget elementor-widget-spacer\" data-id=\"43dbbfb\" data-element_type=\"widget\" data-e-type=\"widget\" data-widget_type=\"spacer.default\">\n\t\t\t\t<div class=\"elementor-widget-container\">\n\t\t\t\t\t\t\t<div class=\"elementor-spacer\">\n\t\t\t<div class=\"elementor-spacer-inner\"><\/div>\n\t\t<\/div>\n\t\t\t\t\t\t<\/div>\n\t\t\t\t<\/div>\n\t\t\t\t<section data-particle_enable=\"false\" data-particle-mobile-disabled=\"false\" class=\"elementor-section elementor-inner-section elementor-element elementor-element-6031f93 tstk-col-stretched-none tstk-bg-color-over-image elementor-section-boxed elementor-section-height-default elementor-section-height-default\" data-id=\"6031f93\" data-element_type=\"section\" data-e-type=\"section\">\n\t\t\t\t\t\t<div class=\"elementor-container elementor-column-gap-default\">\n\t\t\t\t\t<div class=\"elementor-column elementor-col-66 elementor-inner-column elementor-element elementor-element-0a0c613 tstk-bg-color-over-image\" data-id=\"0a0c613\" data-element_type=\"column\" data-e-type=\"column\">\n\t\t\t<div class=\"elementor-widget-wrap elementor-element-populated\">\n\t\t\t\t\t\t<div class=\"elementor-element elementor-element-6469986 elementor-widget elementor-widget-text-editor\" data-id=\"6469986\" data-element_type=\"widget\" data-e-type=\"widget\" data-widget_type=\"text-editor.default\">\n\t\t\t\t<div class=\"elementor-widget-container\">\n\t\t\t\t\t\t\t\t\t<p>A Castel foi uma das primeiras ind\u00fastrias italianas do setor mec\u00e2nico a receber a certifica\u00e7\u00e3o de qualidade ISO 9000, conseguindo organizar todas as atividades com base em crit\u00e9rios capazes de garantir no tempo a fiabilidade dos produtos e um servi\u00e7o ao mais alto n\u00edvel.<br \/>\nOs seus pontos de for\u00e7a s\u00e3o: capacidade organizacional, efici\u00eancia log\u00edstica e respeito pelos prazos.<br \/>\nPor estes motivos, a Castel tem recebido reconhecimentos de qualidade internacionais de prest\u00edgio.<br \/>\nA Castel possui numerosas certifica\u00e7\u00f5es de produtos, em conformidade com as Diretivas Europeias e Marcas de Qualidade Europeias e Internacionais (como a \u201cUL\u201d, \u201cVDE\u201d) e est\u00e3o todas dispon\u00edveis on-line.<br \/>\nA empresa dedica-se desde sempre ao desenvolvimento de solu\u00e7\u00f5es de vanguarda para a seguran\u00e7a das instala\u00e7\u00f5es industriais e para a utiliza\u00e7\u00e3o de novos fluidos refrigerantes, incluindo naturais.<br \/>\nAl\u00e9m disso, existe j\u00e1 h\u00e1 muito tempo uma proveitosa rela\u00e7\u00e3o de interc\u00e2mbio entre a Castel e o Polit\u00e9cnico de Mil\u00e3o que deu vida a interessantes trabalhos de investiga\u00e7\u00e3o no terreno, com a possibilidade de aprofundar ensaios e testes nos laborat\u00f3rios equipados da Universidade.<br \/>\nO compromisso da Castel com o meio ambiente \u00e9 um dos pontos firmes que orientam a atua\u00e7\u00e3o da\u00a0empresa.<br \/>\nA Castel est\u00e1 empenhada no desenvolvimento de produtos para sistemas de CO2 e solu\u00e7\u00f5es tecnol\u00f3gicas adequadas para reduzir o impacto ambiental, direto e indireto, de todos os seus projetos.<\/p>\n<p>A Castel foi certificada e aprovada pela <strong>AQSIQ (SELO)<\/strong> para o fabrico de acess\u00f3rios de seguran\u00e7a, e especificamente: v\u00e1lvulas de seguran\u00e7a com mola da s\u00e9rie 3061.<br \/>\nAs caracter\u00edsticas t\u00e9cnicas das v\u00e1lvulas de seguran\u00e7a da s\u00e9rie 3061 s\u00e3o satisfat\u00f3rias de acordo com a norma chinesa TSG ZF001-2006 \u201cRegras de seguran\u00e7a para v\u00e1lvulas de seguran\u00e7a\u201d.<\/p>\n\t\t\t\t\t\t\t\t<\/div>\n\t\t\t\t<\/div>\n\t\t\t\t\t<\/div>\n\t\t<\/div>\n\t\t\t\t<div class=\"elementor-column elementor-col-33 elementor-inner-column elementor-element elementor-element-c082015 tstk-bg-color-over-image\" data-id=\"c082015\" data-element_type=\"column\" data-e-type=\"column\">\n\t\t\t<div class=\"elementor-widget-wrap elementor-element-populated\">\n\t\t\t\t\t\t<div class=\"elementor-element elementor-element-5ba3e94 elementor-widget elementor-widget-image\" data-id=\"5ba3e94\" data-element_type=\"widget\" data-e-type=\"widget\" data-widget_type=\"image.default\">\n\t\t\t\t<div class=\"elementor-widget-container\">\n\t\t\t\t\t\t\t\t\t\t\t\t\t\t\t\t<a href=\"https:\/\/castel.it\/wp-content\/uploads\/2021\/07\/ISO14001.pdf\">\n\t\t\t\t\t\t\t<img decoding=\"async\" width=\"96\" height=\"96\" src=\"https:\/\/castel.it\/wp-content\/uploads\/2021\/07\/car4.jpg\" class=\"attachment-large size-large wp-image-21444\" alt=\"\" \/>\t\t\t\t\t\t\t\t<\/a>\n\t\t\t\t\t\t\t\t\t\t\t\t\t\t\t<\/div>\n\t\t\t\t<\/div>\n\t\t\t\t<div class=\"elementor-element elementor-element-4ffa262 elementor-widget elementor-widget-image\" data-id=\"4ffa262\" data-element_type=\"widget\" data-e-type=\"widget\" data-widget_type=\"image.default\">\n\t\t\t\t<div class=\"elementor-widget-container\">\n\t\t\t\t\t\t\t\t\t\t\t\t\t\t\t\t<a href=\"https:\/\/castel.it\/wp-content\/uploads\/2021\/07\/ISO-9001-EN.pdf\">\n\t\t\t\t\t\t\t<img decoding=\"async\" width=\"96\" height=\"96\" src=\"https:\/\/castel.it\/wp-content\/uploads\/2021\/07\/car2.jpg\" class=\"attachment-large size-large wp-image-21452\" alt=\"\" \/>\t\t\t\t\t\t\t\t<\/a>\n\t\t\t\t\t\t\t\t\t\t\t\t\t\t\t<\/div>\n\t\t\t\t<\/div>\n\t\t\t\t<div class=\"elementor-element elementor-element-5af0d76 elementor-widget elementor-widget-image\" data-id=\"5af0d76\" data-element_type=\"widget\" data-e-type=\"widget\" data-widget_type=\"image.default\">\n\t\t\t\t<div class=\"elementor-widget-container\">\n\t\t\t\t\t\t\t\t\t\t\t\t\t\t\t\t<a href=\"https:\/\/castel.it\/wp-content\/uploads\/2021\/07\/Manufature-License-Of-Special-Equipment-PRC-.pdf\">\n\t\t\t\t\t\t\t<img decoding=\"async\" width=\"150\" height=\"150\" src=\"https:\/\/castel.it\/wp-content\/uploads\/2021\/07\/Manufature-License-Of-Special-Equipment-PRC-_pages-to-jpg-0001-1-150x150-1.jpg\" class=\"attachment-large size-large wp-image-21491\" alt=\"\" \/>\t\t\t\t\t\t\t\t<\/a>\n\t\t\t\t\t\t\t\t\t\t\t\t\t\t\t<\/div>\n\t\t\t\t<\/div>\n\t\t\t\t<div class=\"elementor-element elementor-element-daaa5e6 elementor-widget elementor-widget-image\" data-id=\"daaa5e6\" data-element_type=\"widget\" data-e-type=\"widget\" data-widget_type=\"image.default\">\n\t\t\t\t<div class=\"elementor-widget-container\">\n\t\t\t\t\t\t\t\t\t\t\t\t\t\t\t\t<a href=\"https:\/\/castel.it\/wp-content\/uploads\/2021\/07\/Politica-Qualita-e-Ambiente-2018.pdf\">\n\t\t\t\t\t\t\t<img loading=\"lazy\" decoding=\"async\" width=\"96\" height=\"96\" src=\"https:\/\/castel.it\/wp-content\/uploads\/2021\/07\/logo-certificazione.png\" class=\"attachment-large size-large wp-image-21499\" alt=\"\" \/>\t\t\t\t\t\t\t\t<\/a>\n\t\t\t\t\t\t\t\t\t\t\t\t\t\t\t<\/div>\n\t\t\t\t<\/div>\n\t\t\t\t\t<\/div>\n\t\t<\/div>\n\t\t\t\t\t<\/div>\n\t\t<\/section>\n\t\t\t\t\t<\/div>\n\t\t<\/div>\n\t\t\t\t\t<\/div>\n\t\t<\/section>\n\t\t\t\t<\/div>\n\t\t","protected":false},"excerpt":{"rendered":"<p>A Castel foi uma das primeiras ind\u00fastrias italianas do setor mec\u00e2nico a receber a certifica\u00e7\u00e3o de qualidade ISO 9000, conseguindo organizar todas as atividades com base em crit\u00e9rios capazes de garantir no tempo a fiabilidade dos produtos e um servi\u00e7o ao mais alto n\u00edvel. Os seus pontos de for\u00e7a s\u00e3o: capacidade organizacional, efici\u00eancia log\u00edstica e respeito pelos prazos. Por estes motivos, a Castel tem recebido reconhecimentos de qualidade internacionais de[&hellip;]<\/p>\n","protected":false},"author":1,"featured_media":0,"parent":0,"menu_order":0,"comment_status":"closed","ping_status":"closed","template":"elementor_header_footer","meta":{"_acf_changed":false,"footnotes":""},"class_list":["post-22702","page","type-page","status-publish","hentry"],"acf":[],"yoast_head":"<!-- This site is optimized with the Yoast SEO plugin v25.1 - https:\/\/yoast.com\/wordpress\/plugins\/seo\/ -->\n<title>Qualidade E Investiga\u00e7\u00e3o - Castel<\/title>\n<meta name=\"robots\" content=\"index, follow, max-snippet:-1, max-image-preview:large, max-video-preview:-1\" \/>\n<link rel=\"canonical\" href=\"https:\/\/castel.it\/pt-pt\/qualidade\/\" \/>\n<meta property=\"og:locale\" content=\"pt_PT\" \/>\n<meta property=\"og:type\" content=\"article\" \/>\n<meta property=\"og:title\" content=\"Qualidade E Investiga\u00e7\u00e3o - Castel\" \/>\n<meta property=\"og:description\" content=\"A Castel foi uma das primeiras ind\u00fastrias italianas do setor mec\u00e2nico a receber a certifica\u00e7\u00e3o de qualidade ISO 9000, conseguindo organizar todas as atividades com base em crit\u00e9rios capazes de garantir no tempo a fiabilidade dos produtos e um servi\u00e7o ao mais alto n\u00edvel. Os seus pontos de for\u00e7a s\u00e3o: capacidade organizacional, efici\u00eancia log\u00edstica e respeito pelos prazos. Por estes motivos, a Castel tem recebido reconhecimentos de qualidade internacionais de[&hellip;]\" \/>\n<meta property=\"og:url\" content=\"https:\/\/castel.it\/pt-pt\/qualidade\/\" \/>\n<meta property=\"og:site_name\" content=\"Castel\" \/>\n<meta property=\"article:modified_time\" content=\"2021-11-19T07:20:35+00:00\" \/>\n<meta property=\"og:image\" content=\"https:\/\/castel.it\/wp-content\/uploads\/2021\/07\/car4.jpg\" \/>\n<meta name=\"twitter:card\" content=\"summary_large_image\" \/>\n<meta name=\"twitter:label1\" content=\"Tempo estimado de leitura\" \/>\n\t<meta name=\"twitter:data1\" content=\"2 minutos\" \/>\n<script type=\"application\/ld+json\" class=\"yoast-schema-graph\">{\"@context\":\"https:\/\/schema.org\",\"@graph\":[{\"@type\":\"WebPage\",\"@id\":\"https:\/\/castel.it\/pt-pt\/qualidade\/\",\"url\":\"https:\/\/castel.it\/pt-pt\/qualidade\/\",\"name\":\"Qualidade E Investiga\u00e7\u00e3o - Castel\",\"isPartOf\":{\"@id\":\"https:\/\/castel.it\/pt-pt\/#website\"},\"primaryImageOfPage\":{\"@id\":\"https:\/\/castel.it\/pt-pt\/qualidade\/#primaryimage\"},\"image\":{\"@id\":\"https:\/\/castel.it\/pt-pt\/qualidade\/#primaryimage\"},\"thumbnailUrl\":\"https:\/\/castel.it\/wp-content\/uploads\/2021\/07\/car4.jpg\",\"datePublished\":\"2021-11-19T07:20:07+00:00\",\"dateModified\":\"2021-11-19T07:20:35+00:00\",\"breadcrumb\":{\"@id\":\"https:\/\/castel.it\/pt-pt\/qualidade\/#breadcrumb\"},\"inLanguage\":\"pt-PT\",\"potentialAction\":[{\"@type\":\"ReadAction\",\"target\":[\"https:\/\/castel.it\/pt-pt\/qualidade\/\"]}]},{\"@type\":\"ImageObject\",\"inLanguage\":\"pt-PT\",\"@id\":\"https:\/\/castel.it\/pt-pt\/qualidade\/#primaryimage\",\"url\":\"https:\/\/castel.it\/wp-content\/uploads\/2021\/07\/car4.jpg\",\"contentUrl\":\"https:\/\/castel.it\/wp-content\/uploads\/2021\/07\/car4.jpg\"},{\"@type\":\"BreadcrumbList\",\"@id\":\"https:\/\/castel.it\/pt-pt\/qualidade\/#breadcrumb\",\"itemListElement\":[{\"@type\":\"ListItem\",\"position\":1,\"name\":\"Home\",\"item\":\"https:\/\/castel.it\/\"},{\"@type\":\"ListItem\",\"position\":2,\"name\":\"Qualidade E Investiga\u00e7\u00e3o\"}]},{\"@type\":\"WebSite\",\"@id\":\"https:\/\/castel.it\/pt-pt\/#website\",\"url\":\"https:\/\/castel.it\/pt-pt\/\",\"name\":\"Castel\",\"description\":\"Componenti per la refrigerazione e il condizionamento\",\"potentialAction\":[{\"@type\":\"SearchAction\",\"target\":{\"@type\":\"EntryPoint\",\"urlTemplate\":\"https:\/\/castel.it\/pt-pt\/?s={search_term_string}\"},\"query-input\":{\"@type\":\"PropertyValueSpecification\",\"valueRequired\":true,\"valueName\":\"search_term_string\"}}],\"inLanguage\":\"pt-PT\"}]}<\/script>\n<!-- \/ Yoast SEO plugin. -->","yoast_head_json":{"title":"Qualidade E Investiga\u00e7\u00e3o - Castel","robots":{"index":"index","follow":"follow","max-snippet":"max-snippet:-1","max-image-preview":"max-image-preview:large","max-video-preview":"max-video-preview:-1"},"canonical":"https:\/\/castel.it\/pt-pt\/qualidade\/","og_locale":"pt_PT","og_type":"article","og_title":"Qualidade E Investiga\u00e7\u00e3o - Castel","og_description":"A Castel foi uma das primeiras ind\u00fastrias italianas do setor mec\u00e2nico a receber a certifica\u00e7\u00e3o de qualidade ISO 9000, conseguindo organizar todas as atividades com base em crit\u00e9rios capazes de garantir no tempo a fiabilidade dos produtos e um servi\u00e7o ao mais alto n\u00edvel. Os seus pontos de for\u00e7a s\u00e3o: capacidade organizacional, efici\u00eancia log\u00edstica e respeito pelos prazos. Por estes motivos, a Castel tem recebido reconhecimentos de qualidade internacionais de[&hellip;]","og_url":"https:\/\/castel.it\/pt-pt\/qualidade\/","og_site_name":"Castel","article_modified_time":"2021-11-19T07:20:35+00:00","og_image":[{"url":"https:\/\/castel.it\/wp-content\/uploads\/2021\/07\/car4.jpg","type":"","width":"","height":""}],"twitter_card":"summary_large_image","twitter_misc":{"Tempo estimado de leitura":"2 minutos"},"schema":{"@context":"https:\/\/schema.org","@graph":[{"@type":"WebPage","@id":"https:\/\/castel.it\/pt-pt\/qualidade\/","url":"https:\/\/castel.it\/pt-pt\/qualidade\/","name":"Qualidade E Investiga\u00e7\u00e3o - Castel","isPartOf":{"@id":"https:\/\/castel.it\/pt-pt\/#website"},"primaryImageOfPage":{"@id":"https:\/\/castel.it\/pt-pt\/qualidade\/#primaryimage"},"image":{"@id":"https:\/\/castel.it\/pt-pt\/qualidade\/#primaryimage"},"thumbnailUrl":"https:\/\/castel.it\/wp-content\/uploads\/2021\/07\/car4.jpg","datePublished":"2021-11-19T07:20:07+00:00","dateModified":"2021-11-19T07:20:35+00:00","breadcrumb":{"@id":"https:\/\/castel.it\/pt-pt\/qualidade\/#breadcrumb"},"inLanguage":"pt-PT","potentialAction":[{"@type":"ReadAction","target":["https:\/\/castel.it\/pt-pt\/qualidade\/"]}]},{"@type":"ImageObject","inLanguage":"pt-PT","@id":"https:\/\/castel.it\/pt-pt\/qualidade\/#primaryimage","url":"https:\/\/castel.it\/wp-content\/uploads\/2021\/07\/car4.jpg","contentUrl":"https:\/\/castel.it\/wp-content\/uploads\/2021\/07\/car4.jpg"},{"@type":"BreadcrumbList","@id":"https:\/\/castel.it\/pt-pt\/qualidade\/#breadcrumb","itemListElement":[{"@type":"ListItem","position":1,"name":"Home","item":"https:\/\/castel.it\/"},{"@type":"ListItem","position":2,"name":"Qualidade E Investiga\u00e7\u00e3o"}]},{"@type":"WebSite","@id":"https:\/\/castel.it\/pt-pt\/#website","url":"https:\/\/castel.it\/pt-pt\/","name":"Castel","description":"Componenti per la refrigerazione e il condizionamento","potentialAction":[{"@type":"SearchAction","target":{"@type":"EntryPoint","urlTemplate":"https:\/\/castel.it\/pt-pt\/?s={search_term_string}"},"query-input":{"@type":"PropertyValueSpecification","valueRequired":true,"valueName":"search_term_string"}}],"inLanguage":"pt-PT"}]}},"_links":{"self":[{"href":"https:\/\/castel.it\/pt-pt\/wp-json\/wp\/v2\/pages\/22702"}],"collection":[{"href":"https:\/\/castel.it\/pt-pt\/wp-json\/wp\/v2\/pages"}],"about":[{"href":"https:\/\/castel.it\/pt-pt\/wp-json\/wp\/v2\/types\/page"}],"author":[{"embeddable":true,"href":"https:\/\/castel.it\/pt-pt\/wp-json\/wp\/v2\/users\/1"}],"replies":[{"embeddable":true,"href":"https:\/\/castel.it\/pt-pt\/wp-json\/wp\/v2\/comments?post=22702"}],"version-history":[{"count":2,"href":"https:\/\/castel.it\/pt-pt\/wp-json\/wp\/v2\/pages\/22702\/revisions"}],"predecessor-version":[{"id":22704,"href":"https:\/\/castel.it\/pt-pt\/wp-json\/wp\/v2\/pages\/22702\/revisions\/22704"}],"wp:attachment":[{"href":"https:\/\/castel.it\/pt-pt\/wp-json\/wp\/v2\/media?parent=22702"}],"curies":[{"name":"wp","href":"https:\/\/api.w.org\/{rel}","templated":true}]}}