{"id":23876,"date":"2021-12-22T10:07:58","date_gmt":"2021-12-22T09:07:58","guid":{"rendered":"https:\/\/castel.it\/shape-of-sustainability\/"},"modified":"2021-12-22T15:07:13","modified_gmt":"2021-12-22T14:07:13","slug":"shape-of-sustainability","status":"publish","type":"page","link":"https:\/\/castel.it\/fr\/shape-of-sustainability\/","title":{"rendered":"Shape of sustainability"},"content":{"rendered":"\t\t<div data-elementor-type=\"wp-page\" data-elementor-id=\"23876\" class=\"elementor elementor-23876 elementor-23301\" data-elementor-post-type=\"page\">\n\t\t\t\t\t\t<section data-particle_enable=\"false\" data-particle-mobile-disabled=\"false\" class=\"elementor-section elementor-top-section elementor-element elementor-element-af30ae2 tstk-col-stretched-none tstk-bg-color-over-image elementor-section-boxed elementor-section-height-default elementor-section-height-default\" data-id=\"af30ae2\" data-element_type=\"section\" data-e-type=\"section\">\n\t\t\t\t\t\t<div class=\"elementor-container elementor-column-gap-default\">\n\t\t\t\t\t<div class=\"elementor-column elementor-col-100 elementor-top-column elementor-element elementor-element-47297fd tstk-bg-color-over-image\" data-id=\"47297fd\" data-element_type=\"column\" data-e-type=\"column\">\n\t\t\t<div class=\"elementor-widget-wrap elementor-element-populated\">\n\t\t\t\t\t\t<div class=\"elementor-element elementor-element-47e2a55 elementor-widget elementor-widget-spacer\" data-id=\"47e2a55\" data-element_type=\"widget\" data-e-type=\"widget\" data-widget_type=\"spacer.default\">\n\t\t\t\t<div class=\"elementor-widget-container\">\n\t\t\t\t\t\t\t<div class=\"elementor-spacer\">\n\t\t\t<div class=\"elementor-spacer-inner\"><\/div>\n\t\t<\/div>\n\t\t\t\t\t\t<\/div>\n\t\t\t\t<\/div>\n\t\t\t\t\t<\/div>\n\t\t<\/div>\n\t\t\t\t\t<\/div>\n\t\t<\/section>\n\t\t\t\t<section data-particle_enable=\"false\" data-particle-mobile-disabled=\"false\" class=\"elementor-section elementor-top-section elementor-element elementor-element-b05866c elementor-hidden-desktop elementor-hidden-tablet tstk-col-stretched-none tstk-bg-color-over-image elementor-section-boxed elementor-section-height-default elementor-section-height-default\" data-id=\"b05866c\" data-element_type=\"section\" data-e-type=\"section\">\n\t\t\t\t\t\t<div class=\"elementor-container elementor-column-gap-default\">\n\t\t\t\t\t<div class=\"elementor-column elementor-col-100 elementor-top-column elementor-element elementor-element-50869c1 tstk-bg-color-over-image\" data-id=\"50869c1\" data-element_type=\"column\" data-e-type=\"column\">\n\t\t\t<div class=\"elementor-widget-wrap elementor-element-populated\">\n\t\t\t\t\t\t<div class=\"elementor-element elementor-element-601becf elementor-hidden-desktop elementor-hidden-tablet elementor-widget elementor-widget-image\" data-id=\"601becf\" data-element_type=\"widget\" data-e-type=\"widget\" data-widget_type=\"image.default\">\n\t\t\t\t<div class=\"elementor-widget-container\">\n\t\t\t\t\t\t\t\t\t\t\t\t\t\t\t<img fetchpriority=\"high\" decoding=\"async\" width=\"779\" height=\"457\" src=\"https:\/\/castel.it\/wp-content\/uploads\/2021\/12\/sustainability.jpg\" class=\"attachment-full size-full wp-image-23552\" alt=\"\" srcset=\"https:\/\/castel.it\/wp-content\/uploads\/2021\/12\/sustainability.jpg 779w, https:\/\/castel.it\/wp-content\/uploads\/2021\/12\/sustainability-300x176.jpg 300w, https:\/\/castel.it\/wp-content\/uploads\/2021\/12\/sustainability-768x451.jpg 768w, https:\/\/castel.it\/wp-content\/uploads\/2021\/12\/sustainability-770x452.jpg 770w\" sizes=\"(max-width: 779px) 100vw, 779px\" \/>\t\t\t\t\t\t\t\t\t\t\t\t\t\t\t<\/div>\n\t\t\t\t<\/div>\n\t\t\t\t\t<\/div>\n\t\t<\/div>\n\t\t\t\t\t<\/div>\n\t\t<\/section>\n\t\t\t\t<section data-particle_enable=\"false\" data-particle-mobile-disabled=\"false\" class=\"elementor-section elementor-top-section elementor-element elementor-element-65c2d54 tstk-col-stretched-none tstk-bg-color-over-image elementor-section-boxed elementor-section-height-default elementor-section-height-default\" data-id=\"65c2d54\" data-element_type=\"section\" data-e-type=\"section\">\n\t\t\t\t\t\t<div class=\"elementor-container elementor-column-gap-default\">\n\t\t\t\t\t<div class=\"elementor-column elementor-col-50 elementor-top-column elementor-element elementor-element-7f1dd5c tstk-bg-color-over-image\" data-id=\"7f1dd5c\" data-element_type=\"column\" data-e-type=\"column\">\n\t\t\t<div class=\"elementor-widget-wrap elementor-element-populated\">\n\t\t\t\t\t\t<div class=\"elementor-element elementor-element-c4d0cdb elementor-hidden-mobile tstk-align-left elementor-widget elementor-widget-tstk_heading\" data-id=\"c4d0cdb\" data-element_type=\"widget\" data-e-type=\"widget\" data-widget_type=\"tstk_heading.default\">\n\t\t\t\t<div class=\"elementor-widget-container\">\n\t\t\t\t\t\t<div class=\"tstk-heading-subheading left-align \"><div class=\"tstk-heading-desc\"><div class=\"landingintro\">\n<div>SHAPE OF SUSTAINABILITY<\/div>\n<\/div><\/div><\/div>\t\t\t\t<\/div>\n\t\t\t\t<\/div>\n\t\t\t\t\t<\/div>\n\t\t<\/div>\n\t\t\t\t<div class=\"elementor-column elementor-col-50 elementor-top-column elementor-element elementor-element-46eccc3 tstk-bg-color-over-image\" data-id=\"46eccc3\" data-element_type=\"column\" data-e-type=\"column\">\n\t\t\t<div class=\"elementor-widget-wrap elementor-element-populated\">\n\t\t\t\t\t\t<div class=\"elementor-element elementor-element-cc5eb53 elementor-widget elementor-widget-text-editor\" data-id=\"cc5eb53\" data-element_type=\"widget\" data-e-type=\"widget\" data-widget_type=\"text-editor.default\">\n\t\t\t\t<div class=\"elementor-widget-container\">\n\t\t\t\t\t\t\t\t\t<p>La durabilit\u00e9 est un acte de responsabilit\u00e9 de la part de chacun d\u2019entre nous.<br \/>\nCastel rel\u00e8ve cet enjeu en d\u00e9veloppant des produits \u00e0 la pointe du progr\u00e8s pour les syst\u00e8mes \u00e0 C02 et des solutions technologiques cibl\u00e9es pour r\u00e9duire l&rsquo;impact environnemental, qu\u2019il soit direct ou indirect.<\/p>\n\t\t\t\t\t\t\t\t<\/div>\n\t\t\t\t<\/div>\n\t\t\t\t<div class=\"elementor-element elementor-element-d36f926 elementor-widget elementor-widget-image\" data-id=\"d36f926\" data-element_type=\"widget\" data-e-type=\"widget\" data-widget_type=\"image.default\">\n\t\t\t\t<div class=\"elementor-widget-container\">\n\t\t\t\t\t\t\t\t\t\t\t\t\t\t\t<img decoding=\"async\" width=\"300\" height=\"68\" src=\"https:\/\/castel.it\/wp-content\/uploads\/2021\/12\/castel-60-1-300x68.png\" class=\"attachment-medium size-medium wp-image-23512\" alt=\"\" srcset=\"https:\/\/castel.it\/wp-content\/uploads\/2021\/12\/castel-60-1-300x68.png 300w, https:\/\/castel.it\/wp-content\/uploads\/2021\/12\/castel-60-1-768x175.png 768w, https:\/\/castel.it\/wp-content\/uploads\/2021\/12\/castel-60-1-770x175.png 770w, https:\/\/castel.it\/wp-content\/uploads\/2021\/12\/castel-60-1.png 800w\" sizes=\"(max-width: 300px) 100vw, 300px\" \/>\t\t\t\t\t\t\t\t\t\t\t\t\t\t\t<\/div>\n\t\t\t\t<\/div>\n\t\t\t\t\t<\/div>\n\t\t<\/div>\n\t\t\t\t\t<\/div>\n\t\t<\/section>\n\t\t\t\t<section data-particle_enable=\"false\" data-particle-mobile-disabled=\"false\" class=\"elementor-section elementor-top-section elementor-element elementor-element-a0783e7 elementor-section-full_width elementor-section-stretched formwhite tstk-col-stretched-none tstk-bg-color-over-image elementor-section-height-default elementor-section-height-default\" data-id=\"a0783e7\" data-element_type=\"section\" data-e-type=\"section\" data-settings=\"{&quot;stretch_section&quot;:&quot;section-stretched&quot;,&quot;background_background&quot;:&quot;classic&quot;}\">\n\t\t\t\t\t\t<div class=\"elementor-container elementor-column-gap-default\">\n\t\t\t\t\t<div class=\"elementor-column elementor-col-50 elementor-top-column elementor-element elementor-element-b9fb109 tstk-bg-image-over-color elementor-hidden-mobile\" data-id=\"b9fb109\" data-element_type=\"column\" data-e-type=\"column\" data-settings=\"{&quot;background_background&quot;:&quot;slideshow&quot;,&quot;background_slideshow_gallery&quot;:[{&quot;id&quot;:23319,&quot;url&quot;:&quot;https:\\\/\\\/castel.it\\\/wp-content\\\/uploads\\\/2021\\\/12\\\/fiore.gif&quot;}],&quot;background_slideshow_loop&quot;:&quot;yes&quot;,&quot;background_slideshow_slide_duration&quot;:5000,&quot;background_slideshow_slide_transition&quot;:&quot;fade&quot;,&quot;background_slideshow_transition_duration&quot;:500}\">\n\t\t\t<div class=\"elementor-widget-wrap\">\n\t\t\t\t\t\t\t<\/div>\n\t\t<\/div>\n\t\t\t\t<div class=\"elementor-column elementor-col-50 elementor-top-column elementor-element elementor-element-d6b5d39 tstk-bg-color-over-image\" data-id=\"d6b5d39\" data-element_type=\"column\" data-e-type=\"column\">\n\t\t\t<div class=\"elementor-widget-wrap elementor-element-populated\">\n\t\t\t\t\t\t<div class=\"elementor-element elementor-element-9d4d98f elementor-widget elementor-widget-text-editor\" data-id=\"9d4d98f\" data-element_type=\"widget\" data-e-type=\"widget\" data-widget_type=\"text-editor.default\">\n\t\t\t\t<div class=\"elementor-widget-container\">\n\t\t\t\t\t\t\t\t\t<div class=\"elementor-element elementor-element-36b0dc27 elementor-widget elementor-widget-text-editor\" data-id=\"36b0dc27\" data-element_type=\"widget\" data-widget_type=\"text-editor.default\">\n<div class=\"elementor-widget-container\">\n<div class=\"elementor-text-editor elementor-clearfix\" style=\"color:#fff\">\n<p>FOR ANY INFORMATION ABOUT OUR PRODUCTS:<\/p>\n<\/div>\n<\/div>\n<\/div>\n\t\t\t\t\t\t\t\t<\/div>\n\t\t\t\t<\/div>\n\t\t\t\t<div class=\"elementor-element elementor-element-484e4da elementor-widget elementor-widget-shortcode\" data-id=\"484e4da\" data-element_type=\"widget\" data-e-type=\"widget\" data-widget_type=\"shortcode.default\">\n\t\t\t\t<div class=\"elementor-widget-container\">\n\t\t\t\t\t\t\t<div class=\"elementor-shortcode\">\n<div class=\"wpcf7 no-js\" id=\"wpcf7-f23822-o1\" lang=\"fr-FR\" dir=\"ltr\" data-wpcf7-id=\"23822\">\n<div class=\"screen-reader-response\"><p role=\"status\" aria-live=\"polite\" aria-atomic=\"true\"><\/p> <ul><\/ul><\/div>\n<form action=\"\/fr\/wp-json\/wp\/v2\/pages\/23876#wpcf7-f23822-o1\" method=\"post\" class=\"wpcf7-form init wpcf7-acceptance-as-validation\" aria-label=\"Formulaire de contact\" novalidate=\"novalidate\" data-status=\"init\">\n<div style=\"display: none;\">\n<input type=\"hidden\" name=\"_wpcf7\" value=\"23822\" \/>\n<input type=\"hidden\" name=\"_wpcf7_version\" value=\"6.0\" \/>\n<input type=\"hidden\" name=\"_wpcf7_locale\" value=\"fr_FR\" \/>\n<input type=\"hidden\" name=\"_wpcf7_unit_tag\" value=\"wpcf7-f23822-o1\" \/>\n<input type=\"hidden\" name=\"_wpcf7_container_post\" value=\"0\" \/>\n<input type=\"hidden\" name=\"_wpcf7_posted_data_hash\" value=\"\" \/>\n<input type=\"hidden\" name=\"_wpcf7_recaptcha_response\" value=\"\" \/>\n<\/div>\n<div class=\"message\">\n\t<p>* Les champs marqu\u00e9s d'un ast\u00e9risque sont obligatoires.\n\t<\/p>\n<\/div>\n<p><br \/>\n<span class=\"wpcf7-form-control-wrap\" data-name=\"your-name\"><input size=\"40\" maxlength=\"400\" class=\"wpcf7-form-control wpcf7-text wpcf7-validates-as-required\" aria-required=\"true\" aria-invalid=\"false\" placeholder=\"Nom et pr\u00e9nom*\" value=\"\" type=\"text\" name=\"your-name\" \/><\/span>\n<\/p>\n<p><br \/>\n<span class=\"wpcf7-form-control-wrap\" data-name=\"your-company\"><input size=\"40\" maxlength=\"400\" class=\"wpcf7-form-control wpcf7-text\" aria-invalid=\"false\" placeholder=\"Agence\" value=\"\" type=\"text\" name=\"your-company\" \/><\/span>\n<\/p>\n<p><br \/>\n<span class=\"wpcf7-form-control-wrap\" data-name=\"your-email\"><input size=\"40\" maxlength=\"400\" class=\"wpcf7-form-control wpcf7-email wpcf7-validates-as-required wpcf7-text wpcf7-validates-as-email\" aria-required=\"true\" aria-invalid=\"false\" placeholder=\"Email*\" value=\"\" type=\"email\" name=\"your-email\" \/><\/span>\n<\/p>\n<p><br \/>\n<span class=\"wpcf7-form-control-wrap\" data-name=\"your-phone\"><input size=\"40\" maxlength=\"400\" class=\"wpcf7-form-control wpcf7-text\" aria-invalid=\"false\" placeholder=\"T\u00e9l\u00e9phoner\" value=\"\" type=\"text\" name=\"your-phone\" \/><\/span>\n<\/p>\n<p><br \/>\nDemander des informations pour:<br \/>\n<span class=\"wpcf7-form-control-wrap\" data-name=\"menu-747\"><select class=\"wpcf7-form-control wpcf7-select\" aria-invalid=\"false\" name=\"menu-747\"><option value=\"Contact technique\">Contact technique<\/option><option value=\"Contact commercial\">Contact commercial<\/option><\/select><\/span>\n<\/p>\n<p><br \/>\n<span class=\"wpcf7-form-control-wrap\" data-name=\"your-message\"><textarea cols=\"40\" rows=\"10\" maxlength=\"2000\" class=\"wpcf7-form-control wpcf7-textarea wpcf7-validates-as-required\" aria-required=\"true\" aria-invalid=\"false\" placeholder=\"Message\" name=\"your-message\"><\/textarea><\/span>\n<\/p>\n<p class=\"wrap-checkbox\" style=\"margin-bottom: 0rem;\"><br \/>\n<span class=\"wpcf7-form-control-wrap\" data-name=\"acceptance-572\"><span class=\"wpcf7-form-control wpcf7-acceptance\"><span class=\"wpcf7-list-item\"><input type=\"checkbox\" name=\"acceptance-572\" value=\"1\" aria-invalid=\"false\" \/><\/span><\/span><\/span><span class=\"my-label\">J'accepte le traitement des <a href=\"https:\/\/castel.it\/informativa-modulo-contatto\/\">informations<\/a><\/span>\n<\/p>\n<p class=\"wrap-checkbox\"><br \/>\n<span class=\"wpcf7-form-control-wrap\" data-name=\"acceptance-577\"><span class=\"wpcf7-form-control wpcf7-acceptance\"><span class=\"wpcf7-list-item\"><input type=\"checkbox\" name=\"acceptance-577\" value=\"1\" aria-invalid=\"false\" \/><\/span><\/span><\/span><span class=\"my-label\">J'accepte le traitement des <a href=\"https:\/\/castel.it\/cookie-policy\/\">cookie policy<\/a><\/span>\n<\/p>\n\n<div class=\"wrap-submit\">\n\t<p><input class=\"wpcf7-form-control wpcf7-submit has-spinner\" type=\"submit\" value=\"Soumettre\" \/>\n\t<\/p>\n<\/div><div class=\"wpcf7-response-output\" aria-hidden=\"true\"><\/div>\n<\/form>\n<\/div>\n<\/div>\n\t\t\t\t\t\t<\/div>\n\t\t\t\t<\/div>\n\t\t\t\t\t<\/div>\n\t\t<\/div>\n\t\t\t\t\t<\/div>\n\t\t<\/section>\n\t\t\t\t<\/div>\n\t\t","protected":false},"excerpt":{"rendered":"<p>SHAPE OF SUSTAINABILITY La durabilit\u00e9 est un acte de responsabilit\u00e9 de la part de chacun d\u2019entre nous. Castel rel\u00e8ve cet enjeu en d\u00e9veloppant des produits \u00e0 la pointe du progr\u00e8s pour les syst\u00e8mes \u00e0 C02 et des solutions technologiques cibl\u00e9es pour r\u00e9duire l&rsquo;impact environnemental, qu\u2019il soit direct ou indirect. FOR ANY INFORMATION ABOUT OUR PRODUCTS:<\/p>\n","protected":false},"author":1,"featured_media":0,"parent":0,"menu_order":5,"comment_status":"closed","ping_status":"closed","template":"","meta":{"_acf_changed":false,"footnotes":""},"class_list":["post-23876","page","type-page","status-publish","hentry"],"acf":[],"yoast_head":"<!-- This site is optimized with the Yoast SEO plugin v25.1 - https:\/\/yoast.com\/wordpress\/plugins\/seo\/ -->\n<title>Shape of sustainability - Castel<\/title>\n<meta name=\"robots\" content=\"index, follow, max-snippet:-1, max-image-preview:large, max-video-preview:-1\" \/>\n<link rel=\"canonical\" href=\"https:\/\/castel.it\/fr\/shape-of-sustainability\/\" \/>\n<meta property=\"og:locale\" content=\"fr_FR\" \/>\n<meta property=\"og:type\" content=\"article\" \/>\n<meta property=\"og:title\" content=\"Shape of sustainability - Castel\" \/>\n<meta property=\"og:description\" content=\"SHAPE OF SUSTAINABILITY La durabilit\u00e9 est un acte de responsabilit\u00e9 de la part de chacun d\u2019entre nous. Castel rel\u00e8ve cet enjeu en d\u00e9veloppant des produits \u00e0 la pointe du progr\u00e8s pour les syst\u00e8mes \u00e0 C02 et des solutions technologiques cibl\u00e9es pour r\u00e9duire l&rsquo;impact environnemental, qu\u2019il soit direct ou indirect. FOR ANY INFORMATION ABOUT OUR PRODUCTS:\" \/>\n<meta property=\"og:url\" content=\"https:\/\/castel.it\/fr\/shape-of-sustainability\/\" \/>\n<meta property=\"og:site_name\" content=\"Castel\" \/>\n<meta property=\"article:modified_time\" content=\"2021-12-22T14:07:13+00:00\" \/>\n<meta property=\"og:image\" content=\"https:\/\/castel.it\/wp-content\/uploads\/2021\/12\/sustainability.jpg\" \/>\n<meta name=\"twitter:card\" content=\"summary_large_image\" \/>\n<script type=\"application\/ld+json\" class=\"yoast-schema-graph\">{\"@context\":\"https:\/\/schema.org\",\"@graph\":[{\"@type\":\"WebPage\",\"@id\":\"https:\/\/castel.it\/fr\/shape-of-sustainability\/\",\"url\":\"https:\/\/castel.it\/fr\/shape-of-sustainability\/\",\"name\":\"Shape of sustainability - Castel\",\"isPartOf\":{\"@id\":\"https:\/\/castel.it\/fr\/#website\"},\"primaryImageOfPage\":{\"@id\":\"https:\/\/castel.it\/fr\/shape-of-sustainability\/#primaryimage\"},\"image\":{\"@id\":\"https:\/\/castel.it\/fr\/shape-of-sustainability\/#primaryimage\"},\"thumbnailUrl\":\"https:\/\/castel.it\/wp-content\/uploads\/2021\/12\/sustainability.jpg\",\"datePublished\":\"2021-12-22T09:07:58+00:00\",\"dateModified\":\"2021-12-22T14:07:13+00:00\",\"breadcrumb\":{\"@id\":\"https:\/\/castel.it\/fr\/shape-of-sustainability\/#breadcrumb\"},\"inLanguage\":\"fr-FR\",\"potentialAction\":[{\"@type\":\"ReadAction\",\"target\":[\"https:\/\/castel.it\/fr\/shape-of-sustainability\/\"]}]},{\"@type\":\"ImageObject\",\"inLanguage\":\"fr-FR\",\"@id\":\"https:\/\/castel.it\/fr\/shape-of-sustainability\/#primaryimage\",\"url\":\"https:\/\/castel.it\/wp-content\/uploads\/2021\/12\/sustainability.jpg\",\"contentUrl\":\"https:\/\/castel.it\/wp-content\/uploads\/2021\/12\/sustainability.jpg\"},{\"@type\":\"BreadcrumbList\",\"@id\":\"https:\/\/castel.it\/fr\/shape-of-sustainability\/#breadcrumb\",\"itemListElement\":[{\"@type\":\"ListItem\",\"position\":1,\"name\":\"Home\",\"item\":\"https:\/\/castel.it\/\"},{\"@type\":\"ListItem\",\"position\":2,\"name\":\"Shape of sustainability\"}]},{\"@type\":\"WebSite\",\"@id\":\"https:\/\/castel.it\/fr\/#website\",\"url\":\"https:\/\/castel.it\/fr\/\",\"name\":\"Castel\",\"description\":\"Componenti per la refrigerazione e il condizionamento\",\"potentialAction\":[{\"@type\":\"SearchAction\",\"target\":{\"@type\":\"EntryPoint\",\"urlTemplate\":\"https:\/\/castel.it\/fr\/?s={search_term_string}\"},\"query-input\":{\"@type\":\"PropertyValueSpecification\",\"valueRequired\":true,\"valueName\":\"search_term_string\"}}],\"inLanguage\":\"fr-FR\"}]}<\/script>\n<!-- \/ Yoast SEO plugin. -->","yoast_head_json":{"title":"Shape of sustainability - Castel","robots":{"index":"index","follow":"follow","max-snippet":"max-snippet:-1","max-image-preview":"max-image-preview:large","max-video-preview":"max-video-preview:-1"},"canonical":"https:\/\/castel.it\/fr\/shape-of-sustainability\/","og_locale":"fr_FR","og_type":"article","og_title":"Shape of sustainability - Castel","og_description":"SHAPE OF SUSTAINABILITY La durabilit\u00e9 est un acte de responsabilit\u00e9 de la part de chacun d\u2019entre nous. Castel rel\u00e8ve cet enjeu en d\u00e9veloppant des produits \u00e0 la pointe du progr\u00e8s pour les syst\u00e8mes \u00e0 C02 et des solutions technologiques cibl\u00e9es pour r\u00e9duire l&rsquo;impact environnemental, qu\u2019il soit direct ou indirect. FOR ANY INFORMATION ABOUT OUR PRODUCTS:","og_url":"https:\/\/castel.it\/fr\/shape-of-sustainability\/","og_site_name":"Castel","article_modified_time":"2021-12-22T14:07:13+00:00","og_image":[{"url":"https:\/\/castel.it\/wp-content\/uploads\/2021\/12\/sustainability.jpg","type":"","width":"","height":""}],"twitter_card":"summary_large_image","schema":{"@context":"https:\/\/schema.org","@graph":[{"@type":"WebPage","@id":"https:\/\/castel.it\/fr\/shape-of-sustainability\/","url":"https:\/\/castel.it\/fr\/shape-of-sustainability\/","name":"Shape of sustainability - Castel","isPartOf":{"@id":"https:\/\/castel.it\/fr\/#website"},"primaryImageOfPage":{"@id":"https:\/\/castel.it\/fr\/shape-of-sustainability\/#primaryimage"},"image":{"@id":"https:\/\/castel.it\/fr\/shape-of-sustainability\/#primaryimage"},"thumbnailUrl":"https:\/\/castel.it\/wp-content\/uploads\/2021\/12\/sustainability.jpg","datePublished":"2021-12-22T09:07:58+00:00","dateModified":"2021-12-22T14:07:13+00:00","breadcrumb":{"@id":"https:\/\/castel.it\/fr\/shape-of-sustainability\/#breadcrumb"},"inLanguage":"fr-FR","potentialAction":[{"@type":"ReadAction","target":["https:\/\/castel.it\/fr\/shape-of-sustainability\/"]}]},{"@type":"ImageObject","inLanguage":"fr-FR","@id":"https:\/\/castel.it\/fr\/shape-of-sustainability\/#primaryimage","url":"https:\/\/castel.it\/wp-content\/uploads\/2021\/12\/sustainability.jpg","contentUrl":"https:\/\/castel.it\/wp-content\/uploads\/2021\/12\/sustainability.jpg"},{"@type":"BreadcrumbList","@id":"https:\/\/castel.it\/fr\/shape-of-sustainability\/#breadcrumb","itemListElement":[{"@type":"ListItem","position":1,"name":"Home","item":"https:\/\/castel.it\/"},{"@type":"ListItem","position":2,"name":"Shape of sustainability"}]},{"@type":"WebSite","@id":"https:\/\/castel.it\/fr\/#website","url":"https:\/\/castel.it\/fr\/","name":"Castel","description":"Componenti per la refrigerazione e il condizionamento","potentialAction":[{"@type":"SearchAction","target":{"@type":"EntryPoint","urlTemplate":"https:\/\/castel.it\/fr\/?s={search_term_string}"},"query-input":{"@type":"PropertyValueSpecification","valueRequired":true,"valueName":"search_term_string"}}],"inLanguage":"fr-FR"}]}},"_links":{"self":[{"href":"https:\/\/castel.it\/fr\/wp-json\/wp\/v2\/pages\/23876"}],"collection":[{"href":"https:\/\/castel.it\/fr\/wp-json\/wp\/v2\/pages"}],"about":[{"href":"https:\/\/castel.it\/fr\/wp-json\/wp\/v2\/types\/page"}],"author":[{"embeddable":true,"href":"https:\/\/castel.it\/fr\/wp-json\/wp\/v2\/users\/1"}],"replies":[{"embeddable":true,"href":"https:\/\/castel.it\/fr\/wp-json\/wp\/v2\/comments?post=23876"}],"version-history":[{"count":6,"href":"https:\/\/castel.it\/fr\/wp-json\/wp\/v2\/pages\/23876\/revisions"}],"predecessor-version":[{"id":24054,"href":"https:\/\/castel.it\/fr\/wp-json\/wp\/v2\/pages\/23876\/revisions\/24054"}],"wp:attachment":[{"href":"https:\/\/castel.it\/fr\/wp-json\/wp\/v2\/media?parent=23876"}],"curies":[{"name":"wp","href":"https:\/\/api.w.org\/{rel}","templated":true}]}}