{"id":23828,"date":"2021-12-21T17:18:48","date_gmt":"2021-12-21T16:18:48","guid":{"rendered":"https:\/\/castel.it\/shape-of-technology-form\/"},"modified":"2021-12-22T15:16:18","modified_gmt":"2021-12-22T14:16:18","slug":"shape-of-technology-form","status":"publish","type":"page","link":"https:\/\/castel.it\/fr\/shape-of-technology-form\/","title":{"rendered":"Shape of technology Form"},"content":{"rendered":"\t\t<div data-elementor-type=\"wp-page\" data-elementor-id=\"23828\" class=\"elementor elementor-23828 elementor-23396\" data-elementor-post-type=\"page\">\n\t\t\t\t\t\t<section data-particle_enable=\"false\" data-particle-mobile-disabled=\"false\" class=\"elementor-section elementor-top-section elementor-element elementor-element-93f3b1a tstk-col-stretched-none tstk-bg-color-over-image elementor-section-boxed elementor-section-height-default elementor-section-height-default\" data-id=\"93f3b1a\" data-element_type=\"section\" data-e-type=\"section\">\n\t\t\t\t\t\t<div class=\"elementor-container elementor-column-gap-default\">\n\t\t\t\t\t<div class=\"elementor-column elementor-col-100 elementor-top-column elementor-element elementor-element-2403091 tstk-bg-color-over-image\" data-id=\"2403091\" data-element_type=\"column\" data-e-type=\"column\">\n\t\t\t<div class=\"elementor-widget-wrap elementor-element-populated\">\n\t\t\t\t\t\t<div class=\"elementor-element elementor-element-98578a5 elementor-widget elementor-widget-text-editor\" data-id=\"98578a5\" data-element_type=\"widget\" data-e-type=\"widget\" data-widget_type=\"text-editor.default\">\n\t\t\t\t<div class=\"elementor-widget-container\">\n\t\t\t\t\t\t\t\t\t<center class=\"thankyoustyle\"><strong>Merci de nous avoir contact\u00e9. <\/strong><\/center><center class=\"thankyoustyle\">Vous serez contact\u00e9 directement par un de nos repr\u00e9sentants avec la m\u00e9thode choisie lors de la demande.<\/center>\t\t\t\t\t\t\t\t<\/div>\n\t\t\t\t<\/div>\n\t\t\t\t\t<\/div>\n\t\t<\/div>\n\t\t\t\t\t<\/div>\n\t\t<\/section>\n\t\t\t\t<\/div>\n\t\t","protected":false},"excerpt":{"rendered":"<p>Merci de nous avoir contact\u00e9. Vous serez contact\u00e9 directement par un de nos repr\u00e9sentants avec la m\u00e9thode choisie lors de la demande.<\/p>\n","protected":false},"author":1,"featured_media":0,"parent":0,"menu_order":0,"comment_status":"closed","ping_status":"closed","template":"elementor_header_footer","meta":{"_acf_changed":false,"footnotes":""},"class_list":["post-23828","page","type-page","status-publish","hentry"],"acf":[],"yoast_head":"<!-- This site is optimized with the Yoast SEO plugin v25.1 - https:\/\/yoast.com\/wordpress\/plugins\/seo\/ -->\n<title>Shape of technology Form - Castel<\/title>\n<meta name=\"robots\" content=\"index, follow, max-snippet:-1, max-image-preview:large, max-video-preview:-1\" \/>\n<link rel=\"canonical\" href=\"https:\/\/castel.it\/fr\/shape-of-technology-form\/\" \/>\n<meta property=\"og:locale\" content=\"fr_FR\" \/>\n<meta property=\"og:type\" content=\"article\" \/>\n<meta property=\"og:title\" content=\"Shape of technology Form - Castel\" \/>\n<meta property=\"og:description\" content=\"Merci de nous avoir contact\u00e9. Vous serez contact\u00e9 directement par un de nos repr\u00e9sentants avec la m\u00e9thode choisie lors de la demande.\" \/>\n<meta property=\"og:url\" content=\"https:\/\/castel.it\/fr\/shape-of-technology-form\/\" \/>\n<meta property=\"og:site_name\" content=\"Castel\" \/>\n<meta property=\"article:modified_time\" content=\"2021-12-22T14:16:18+00:00\" \/>\n<meta name=\"twitter:card\" content=\"summary_large_image\" \/>\n<script type=\"application\/ld+json\" class=\"yoast-schema-graph\">{\"@context\":\"https:\/\/schema.org\",\"@graph\":[{\"@type\":\"WebPage\",\"@id\":\"https:\/\/castel.it\/fr\/shape-of-technology-form\/\",\"url\":\"https:\/\/castel.it\/fr\/shape-of-technology-form\/\",\"name\":\"Shape of technology Form - Castel\",\"isPartOf\":{\"@id\":\"https:\/\/castel.it\/fr\/#website\"},\"datePublished\":\"2021-12-21T16:18:48+00:00\",\"dateModified\":\"2021-12-22T14:16:18+00:00\",\"breadcrumb\":{\"@id\":\"https:\/\/castel.it\/fr\/shape-of-technology-form\/#breadcrumb\"},\"inLanguage\":\"fr-FR\",\"potentialAction\":[{\"@type\":\"ReadAction\",\"target\":[\"https:\/\/castel.it\/fr\/shape-of-technology-form\/\"]}]},{\"@type\":\"BreadcrumbList\",\"@id\":\"https:\/\/castel.it\/fr\/shape-of-technology-form\/#breadcrumb\",\"itemListElement\":[{\"@type\":\"ListItem\",\"position\":1,\"name\":\"Home\",\"item\":\"https:\/\/castel.it\/\"},{\"@type\":\"ListItem\",\"position\":2,\"name\":\"Shape of technology Form\"}]},{\"@type\":\"WebSite\",\"@id\":\"https:\/\/castel.it\/fr\/#website\",\"url\":\"https:\/\/castel.it\/fr\/\",\"name\":\"Castel\",\"description\":\"Componenti per la refrigerazione e il condizionamento\",\"potentialAction\":[{\"@type\":\"SearchAction\",\"target\":{\"@type\":\"EntryPoint\",\"urlTemplate\":\"https:\/\/castel.it\/fr\/?s={search_term_string}\"},\"query-input\":{\"@type\":\"PropertyValueSpecification\",\"valueRequired\":true,\"valueName\":\"search_term_string\"}}],\"inLanguage\":\"fr-FR\"}]}<\/script>\n<!-- \/ Yoast SEO plugin. -->","yoast_head_json":{"title":"Shape of technology Form - Castel","robots":{"index":"index","follow":"follow","max-snippet":"max-snippet:-1","max-image-preview":"max-image-preview:large","max-video-preview":"max-video-preview:-1"},"canonical":"https:\/\/castel.it\/fr\/shape-of-technology-form\/","og_locale":"fr_FR","og_type":"article","og_title":"Shape of technology Form - Castel","og_description":"Merci de nous avoir contact\u00e9. Vous serez contact\u00e9 directement par un de nos repr\u00e9sentants avec la m\u00e9thode choisie lors de la demande.","og_url":"https:\/\/castel.it\/fr\/shape-of-technology-form\/","og_site_name":"Castel","article_modified_time":"2021-12-22T14:16:18+00:00","twitter_card":"summary_large_image","schema":{"@context":"https:\/\/schema.org","@graph":[{"@type":"WebPage","@id":"https:\/\/castel.it\/fr\/shape-of-technology-form\/","url":"https:\/\/castel.it\/fr\/shape-of-technology-form\/","name":"Shape of technology Form - Castel","isPartOf":{"@id":"https:\/\/castel.it\/fr\/#website"},"datePublished":"2021-12-21T16:18:48+00:00","dateModified":"2021-12-22T14:16:18+00:00","breadcrumb":{"@id":"https:\/\/castel.it\/fr\/shape-of-technology-form\/#breadcrumb"},"inLanguage":"fr-FR","potentialAction":[{"@type":"ReadAction","target":["https:\/\/castel.it\/fr\/shape-of-technology-form\/"]}]},{"@type":"BreadcrumbList","@id":"https:\/\/castel.it\/fr\/shape-of-technology-form\/#breadcrumb","itemListElement":[{"@type":"ListItem","position":1,"name":"Home","item":"https:\/\/castel.it\/"},{"@type":"ListItem","position":2,"name":"Shape of technology Form"}]},{"@type":"WebSite","@id":"https:\/\/castel.it\/fr\/#website","url":"https:\/\/castel.it\/fr\/","name":"Castel","description":"Componenti per la refrigerazione e il condizionamento","potentialAction":[{"@type":"SearchAction","target":{"@type":"EntryPoint","urlTemplate":"https:\/\/castel.it\/fr\/?s={search_term_string}"},"query-input":{"@type":"PropertyValueSpecification","valueRequired":true,"valueName":"search_term_string"}}],"inLanguage":"fr-FR"}]}},"_links":{"self":[{"href":"https:\/\/castel.it\/fr\/wp-json\/wp\/v2\/pages\/23828"}],"collection":[{"href":"https:\/\/castel.it\/fr\/wp-json\/wp\/v2\/pages"}],"about":[{"href":"https:\/\/castel.it\/fr\/wp-json\/wp\/v2\/types\/page"}],"author":[{"embeddable":true,"href":"https:\/\/castel.it\/fr\/wp-json\/wp\/v2\/users\/1"}],"replies":[{"embeddable":true,"href":"https:\/\/castel.it\/fr\/wp-json\/wp\/v2\/comments?post=23828"}],"version-history":[{"count":10,"href":"https:\/\/castel.it\/fr\/wp-json\/wp\/v2\/pages\/23828\/revisions"}],"predecessor-version":[{"id":24070,"href":"https:\/\/castel.it\/fr\/wp-json\/wp\/v2\/pages\/23828\/revisions\/24070"}],"wp:attachment":[{"href":"https:\/\/castel.it\/fr\/wp-json\/wp\/v2\/media?parent=23828"}],"curies":[{"name":"wp","href":"https:\/\/api.w.org\/{rel}","templated":true}]}}