{"id":22694,"date":"2021-11-19T08:13:09","date_gmt":"2021-11-19T07:13:09","guid":{"rendered":"https:\/\/castel.it\/qualite-et-recherche\/"},"modified":"2021-11-19T08:15:58","modified_gmt":"2021-11-19T07:15:58","slug":"qualite-et-recherche","status":"publish","type":"page","link":"https:\/\/castel.it\/fr\/qualite\/","title":{"rendered":"Qualit\u00e9 Et Recherche"},"content":{"rendered":"\t\t<div data-elementor-type=\"wp-page\" data-elementor-id=\"22694\" class=\"elementor elementor-22694 elementor-20855\" data-elementor-post-type=\"page\">\n\t\t\t\t\t\t<section data-particle_enable=\"false\" data-particle-mobile-disabled=\"false\" class=\"elementor-section elementor-top-section elementor-element elementor-element-78942f8 tstk-col-stretched-none tstk-bg-color-over-image elementor-section-boxed elementor-section-height-default elementor-section-height-default\" data-id=\"78942f8\" data-element_type=\"section\" data-e-type=\"section\">\n\t\t\t\t\t\t<div class=\"elementor-container elementor-column-gap-default\">\n\t\t\t\t\t<div class=\"elementor-column elementor-col-100 elementor-top-column elementor-element elementor-element-2a34210 tstk-bg-color-over-image\" data-id=\"2a34210\" data-element_type=\"column\" data-e-type=\"column\">\n\t\t\t<div class=\"elementor-widget-wrap elementor-element-populated\">\n\t\t\t\t\t\t<div class=\"elementor-element elementor-element-43dbbfb elementor-widget elementor-widget-spacer\" data-id=\"43dbbfb\" data-element_type=\"widget\" data-e-type=\"widget\" data-widget_type=\"spacer.default\">\n\t\t\t\t<div class=\"elementor-widget-container\">\n\t\t\t\t\t\t\t<div class=\"elementor-spacer\">\n\t\t\t<div class=\"elementor-spacer-inner\"><\/div>\n\t\t<\/div>\n\t\t\t\t\t\t<\/div>\n\t\t\t\t<\/div>\n\t\t\t\t<section data-particle_enable=\"false\" data-particle-mobile-disabled=\"false\" class=\"elementor-section elementor-inner-section elementor-element elementor-element-6031f93 tstk-col-stretched-none tstk-bg-color-over-image elementor-section-boxed elementor-section-height-default elementor-section-height-default\" data-id=\"6031f93\" data-element_type=\"section\" data-e-type=\"section\">\n\t\t\t\t\t\t<div class=\"elementor-container elementor-column-gap-default\">\n\t\t\t\t\t<div class=\"elementor-column elementor-col-66 elementor-inner-column elementor-element elementor-element-0a0c613 tstk-bg-color-over-image\" data-id=\"0a0c613\" data-element_type=\"column\" data-e-type=\"column\">\n\t\t\t<div class=\"elementor-widget-wrap elementor-element-populated\">\n\t\t\t\t\t\t<div class=\"elementor-element elementor-element-6469986 elementor-widget elementor-widget-text-editor\" data-id=\"6469986\" data-element_type=\"widget\" data-e-type=\"widget\" data-widget_type=\"text-editor.default\">\n\t\t\t\t<div class=\"elementor-widget-container\">\n\t\t\t\t\t\t\t\t\t<p>Parmi les premi\u00e8res industries italiennes du secteur \u00e0 avoir re\u00e7u la certification de qualit\u00e9 de l\u2019entreprise, Castel a su organiser l\u2019ensemble de son activit\u00e9 selon des crit\u00e8res garantissant de fa\u00e7on durable la fiabilit\u00e9 des produits et un service au plus haut niveau.<br \/>\nSes atouts sont les suivants\u00a0: la capacit\u00e9 organisationnelle, l\u2019efficacit\u00e9 logistique et la ponctualit\u00e9 du service.<br \/>\nIls ont permis \u00e0 Castel d\u2019obtenir de prestigieux prix internationaux de qualit\u00e9.<br \/>\nCastel poss\u00e8de de nombreuses certifications de produits, conform\u00e9ment aux Directives europ\u00e9ennes et aux Labels de qualit\u00e9 europ\u00e9ens et extra-europ\u00e9ens (tels que \u00ab UL \u00bb et \u00ab VDE \u00bb), toutes disponibles en ligne.<\/p>\n<p>Cela fait des ann\u00e9es que l\u2019entreprise est engag\u00e9e dans le d\u00e9veloppement de solutions de pointe pour la s\u00e9curit\u00e9 des installations et pour l\u2019utilisation de nouveaux fluides frigorig\u00e8nes, y compris des fluides naturels.<br \/>\nDe plus, un fructueux programme d\u2019\u00e9change se poursuit entre Castel et le Politecnico di Milano, qui a donn\u00e9 lieu \u00e0 d\u2019int\u00e9ressantes recherches sur le terrain, avec la possibilit\u00e9 d\u2019approfondir les tests et l\u2019exp\u00e9rimentation dans les laboratoires bien \u00e9quip\u00e9s de cette universit\u00e9 milanaise.<br \/>\nL\u2019engagement \u00e9cologique de Castel constitue un autre must de l\u2019entreprise\u00a0:<br \/>\nCastel est impliqu\u00e9e dans le d\u00e9veloppement de produits pour des syst\u00e8mes \u00e0 CO2 et hydrocarbure et de solutions technologiques visant \u00e0 r\u00e9duire l\u2019impact direct et indirect sur l\u2019environnement dans tous ses projets.<\/p>\n<p>Castel has been audited and approved by <strong>AQSIQ (SELO)<\/strong> to manufacture the Safety Appurtenances within the scope as: Spring loaded safety valves series 3061.<br \/>\nTechnical characteristics of the safety valves series 3061 are satisfactory according to Chinese Standard TSG ZF001-2006 \u201cSafety Supervision Regulations for Safety Valves\u201d.<\/p>\n\t\t\t\t\t\t\t\t<\/div>\n\t\t\t\t<\/div>\n\t\t\t\t\t<\/div>\n\t\t<\/div>\n\t\t\t\t<div class=\"elementor-column elementor-col-33 elementor-inner-column elementor-element elementor-element-c082015 tstk-bg-color-over-image\" data-id=\"c082015\" data-element_type=\"column\" data-e-type=\"column\">\n\t\t\t<div class=\"elementor-widget-wrap elementor-element-populated\">\n\t\t\t\t\t\t<div class=\"elementor-element elementor-element-5ba3e94 elementor-widget elementor-widget-image\" data-id=\"5ba3e94\" data-element_type=\"widget\" data-e-type=\"widget\" data-widget_type=\"image.default\">\n\t\t\t\t<div class=\"elementor-widget-container\">\n\t\t\t\t\t\t\t\t\t\t\t\t\t\t\t\t<a href=\"https:\/\/castel.it\/wp-content\/uploads\/2021\/07\/ISO14001.pdf\">\n\t\t\t\t\t\t\t<img decoding=\"async\" width=\"96\" height=\"96\" src=\"https:\/\/castel.it\/wp-content\/uploads\/2021\/07\/car4.jpg\" class=\"attachment-large size-large wp-image-21442\" alt=\"\" \/>\t\t\t\t\t\t\t\t<\/a>\n\t\t\t\t\t\t\t\t\t\t\t\t\t\t\t<\/div>\n\t\t\t\t<\/div>\n\t\t\t\t<div class=\"elementor-element elementor-element-4ffa262 elementor-widget elementor-widget-image\" data-id=\"4ffa262\" data-element_type=\"widget\" data-e-type=\"widget\" data-widget_type=\"image.default\">\n\t\t\t\t<div class=\"elementor-widget-container\">\n\t\t\t\t\t\t\t\t\t\t\t\t\t\t\t\t<a href=\"https:\/\/castel.it\/wp-content\/uploads\/2021\/07\/ISO-9001-EN.pdf\">\n\t\t\t\t\t\t\t<img decoding=\"async\" width=\"96\" height=\"96\" src=\"https:\/\/castel.it\/wp-content\/uploads\/2021\/07\/car2.jpg\" class=\"attachment-large size-large wp-image-21450\" alt=\"\" \/>\t\t\t\t\t\t\t\t<\/a>\n\t\t\t\t\t\t\t\t\t\t\t\t\t\t\t<\/div>\n\t\t\t\t<\/div>\n\t\t\t\t<div class=\"elementor-element elementor-element-5af0d76 elementor-widget elementor-widget-image\" data-id=\"5af0d76\" data-element_type=\"widget\" data-e-type=\"widget\" data-widget_type=\"image.default\">\n\t\t\t\t<div class=\"elementor-widget-container\">\n\t\t\t\t\t\t\t\t\t\t\t\t\t\t\t\t<a href=\"https:\/\/castel.it\/wp-content\/uploads\/2021\/07\/Manufature-License-Of-Special-Equipment-PRC-.pdf\">\n\t\t\t\t\t\t\t<img decoding=\"async\" width=\"150\" height=\"150\" src=\"https:\/\/castel.it\/wp-content\/uploads\/2021\/07\/Manufature-License-Of-Special-Equipment-PRC-_pages-to-jpg-0001-1-150x150-1.jpg\" class=\"attachment-large size-large wp-image-21489\" alt=\"\" \/>\t\t\t\t\t\t\t\t<\/a>\n\t\t\t\t\t\t\t\t\t\t\t\t\t\t\t<\/div>\n\t\t\t\t<\/div>\n\t\t\t\t<div class=\"elementor-element elementor-element-daaa5e6 elementor-widget elementor-widget-image\" data-id=\"daaa5e6\" data-element_type=\"widget\" data-e-type=\"widget\" data-widget_type=\"image.default\">\n\t\t\t\t<div class=\"elementor-widget-container\">\n\t\t\t\t\t\t\t\t\t\t\t\t\t\t\t\t<a href=\"https:\/\/castel.it\/wp-content\/uploads\/2021\/07\/Politica-Qualita-e-Ambiente-2018.pdf\">\n\t\t\t\t\t\t\t<img loading=\"lazy\" decoding=\"async\" width=\"96\" height=\"96\" src=\"https:\/\/castel.it\/wp-content\/uploads\/2021\/07\/logo-certificazione.png\" class=\"attachment-large size-large wp-image-21497\" alt=\"\" \/>\t\t\t\t\t\t\t\t<\/a>\n\t\t\t\t\t\t\t\t\t\t\t\t\t\t\t<\/div>\n\t\t\t\t<\/div>\n\t\t\t\t\t<\/div>\n\t\t<\/div>\n\t\t\t\t\t<\/div>\n\t\t<\/section>\n\t\t\t\t\t<\/div>\n\t\t<\/div>\n\t\t\t\t\t<\/div>\n\t\t<\/section>\n\t\t\t\t<\/div>\n\t\t","protected":false},"excerpt":{"rendered":"<p>Parmi les premi\u00e8res industries italiennes du secteur \u00e0 avoir re\u00e7u la certification de qualit\u00e9 de l\u2019entreprise, Castel a su organiser l\u2019ensemble de son activit\u00e9 selon des crit\u00e8res garantissant de fa\u00e7on durable la fiabilit\u00e9 des produits et un service au plus haut niveau. Ses atouts sont les suivants\u00a0: la capacit\u00e9 organisationnelle, l\u2019efficacit\u00e9 logistique et la ponctualit\u00e9 du service. Ils ont permis \u00e0 Castel d\u2019obtenir de prestigieux prix internationaux de qualit\u00e9. Castel[&hellip;]<\/p>\n","protected":false},"author":1,"featured_media":0,"parent":0,"menu_order":0,"comment_status":"closed","ping_status":"closed","template":"elementor_header_footer","meta":{"_acf_changed":false,"footnotes":""},"class_list":["post-22694","page","type-page","status-publish","hentry"],"acf":[],"yoast_head":"<!-- This site is optimized with the Yoast SEO plugin v25.1 - https:\/\/yoast.com\/wordpress\/plugins\/seo\/ -->\n<title>Qualit\u00e9 Et Recherche - Castel<\/title>\n<meta name=\"robots\" content=\"index, follow, max-snippet:-1, max-image-preview:large, max-video-preview:-1\" \/>\n<link rel=\"canonical\" href=\"https:\/\/castel.it\/fr\/qualite\/\" \/>\n<meta property=\"og:locale\" content=\"fr_FR\" \/>\n<meta property=\"og:type\" content=\"article\" \/>\n<meta property=\"og:title\" content=\"Qualit\u00e9 Et Recherche - Castel\" \/>\n<meta property=\"og:description\" content=\"Parmi les premi\u00e8res industries italiennes du secteur \u00e0 avoir re\u00e7u la certification de qualit\u00e9 de l\u2019entreprise, Castel a su organiser l\u2019ensemble de son activit\u00e9 selon des crit\u00e8res garantissant de fa\u00e7on durable la fiabilit\u00e9 des produits et un service au plus haut niveau. Ses atouts sont les suivants\u00a0: la capacit\u00e9 organisationnelle, l\u2019efficacit\u00e9 logistique et la ponctualit\u00e9 du service. Ils ont permis \u00e0 Castel d\u2019obtenir de prestigieux prix internationaux de qualit\u00e9. Castel[&hellip;]\" \/>\n<meta property=\"og:url\" content=\"https:\/\/castel.it\/fr\/qualite\/\" \/>\n<meta property=\"og:site_name\" content=\"Castel\" \/>\n<meta property=\"article:modified_time\" content=\"2021-11-19T07:15:58+00:00\" \/>\n<meta property=\"og:image\" content=\"https:\/\/castel.it\/wp-content\/uploads\/2021\/07\/car4.jpg\" \/>\n<meta name=\"twitter:card\" content=\"summary_large_image\" \/>\n<meta name=\"twitter:label1\" content=\"Dur\u00e9e de lecture estim\u00e9e\" \/>\n\t<meta name=\"twitter:data1\" content=\"1 minute\" \/>\n<script type=\"application\/ld+json\" class=\"yoast-schema-graph\">{\"@context\":\"https:\/\/schema.org\",\"@graph\":[{\"@type\":\"WebPage\",\"@id\":\"https:\/\/castel.it\/fr\/qualite\/\",\"url\":\"https:\/\/castel.it\/fr\/qualite\/\",\"name\":\"Qualit\u00e9 Et Recherche - Castel\",\"isPartOf\":{\"@id\":\"https:\/\/castel.it\/fr\/#website\"},\"primaryImageOfPage\":{\"@id\":\"https:\/\/castel.it\/fr\/qualite\/#primaryimage\"},\"image\":{\"@id\":\"https:\/\/castel.it\/fr\/qualite\/#primaryimage\"},\"thumbnailUrl\":\"https:\/\/castel.it\/wp-content\/uploads\/2021\/07\/car4.jpg\",\"datePublished\":\"2021-11-19T07:13:09+00:00\",\"dateModified\":\"2021-11-19T07:15:58+00:00\",\"breadcrumb\":{\"@id\":\"https:\/\/castel.it\/fr\/qualite\/#breadcrumb\"},\"inLanguage\":\"fr-FR\",\"potentialAction\":[{\"@type\":\"ReadAction\",\"target\":[\"https:\/\/castel.it\/fr\/qualite\/\"]}]},{\"@type\":\"ImageObject\",\"inLanguage\":\"fr-FR\",\"@id\":\"https:\/\/castel.it\/fr\/qualite\/#primaryimage\",\"url\":\"https:\/\/castel.it\/wp-content\/uploads\/2021\/07\/car4.jpg\",\"contentUrl\":\"https:\/\/castel.it\/wp-content\/uploads\/2021\/07\/car4.jpg\"},{\"@type\":\"BreadcrumbList\",\"@id\":\"https:\/\/castel.it\/fr\/qualite\/#breadcrumb\",\"itemListElement\":[{\"@type\":\"ListItem\",\"position\":1,\"name\":\"Home\",\"item\":\"https:\/\/castel.it\/\"},{\"@type\":\"ListItem\",\"position\":2,\"name\":\"Qualit\u00e9 Et Recherche\"}]},{\"@type\":\"WebSite\",\"@id\":\"https:\/\/castel.it\/fr\/#website\",\"url\":\"https:\/\/castel.it\/fr\/\",\"name\":\"Castel\",\"description\":\"Componenti per la refrigerazione e il condizionamento\",\"potentialAction\":[{\"@type\":\"SearchAction\",\"target\":{\"@type\":\"EntryPoint\",\"urlTemplate\":\"https:\/\/castel.it\/fr\/?s={search_term_string}\"},\"query-input\":{\"@type\":\"PropertyValueSpecification\",\"valueRequired\":true,\"valueName\":\"search_term_string\"}}],\"inLanguage\":\"fr-FR\"}]}<\/script>\n<!-- \/ Yoast SEO plugin. -->","yoast_head_json":{"title":"Qualit\u00e9 Et Recherche - Castel","robots":{"index":"index","follow":"follow","max-snippet":"max-snippet:-1","max-image-preview":"max-image-preview:large","max-video-preview":"max-video-preview:-1"},"canonical":"https:\/\/castel.it\/fr\/qualite\/","og_locale":"fr_FR","og_type":"article","og_title":"Qualit\u00e9 Et Recherche - Castel","og_description":"Parmi les premi\u00e8res industries italiennes du secteur \u00e0 avoir re\u00e7u la certification de qualit\u00e9 de l\u2019entreprise, Castel a su organiser l\u2019ensemble de son activit\u00e9 selon des crit\u00e8res garantissant de fa\u00e7on durable la fiabilit\u00e9 des produits et un service au plus haut niveau. Ses atouts sont les suivants\u00a0: la capacit\u00e9 organisationnelle, l\u2019efficacit\u00e9 logistique et la ponctualit\u00e9 du service. Ils ont permis \u00e0 Castel d\u2019obtenir de prestigieux prix internationaux de qualit\u00e9. Castel[&hellip;]","og_url":"https:\/\/castel.it\/fr\/qualite\/","og_site_name":"Castel","article_modified_time":"2021-11-19T07:15:58+00:00","og_image":[{"url":"https:\/\/castel.it\/wp-content\/uploads\/2021\/07\/car4.jpg","type":"","width":"","height":""}],"twitter_card":"summary_large_image","twitter_misc":{"Dur\u00e9e de lecture estim\u00e9e":"1 minute"},"schema":{"@context":"https:\/\/schema.org","@graph":[{"@type":"WebPage","@id":"https:\/\/castel.it\/fr\/qualite\/","url":"https:\/\/castel.it\/fr\/qualite\/","name":"Qualit\u00e9 Et Recherche - Castel","isPartOf":{"@id":"https:\/\/castel.it\/fr\/#website"},"primaryImageOfPage":{"@id":"https:\/\/castel.it\/fr\/qualite\/#primaryimage"},"image":{"@id":"https:\/\/castel.it\/fr\/qualite\/#primaryimage"},"thumbnailUrl":"https:\/\/castel.it\/wp-content\/uploads\/2021\/07\/car4.jpg","datePublished":"2021-11-19T07:13:09+00:00","dateModified":"2021-11-19T07:15:58+00:00","breadcrumb":{"@id":"https:\/\/castel.it\/fr\/qualite\/#breadcrumb"},"inLanguage":"fr-FR","potentialAction":[{"@type":"ReadAction","target":["https:\/\/castel.it\/fr\/qualite\/"]}]},{"@type":"ImageObject","inLanguage":"fr-FR","@id":"https:\/\/castel.it\/fr\/qualite\/#primaryimage","url":"https:\/\/castel.it\/wp-content\/uploads\/2021\/07\/car4.jpg","contentUrl":"https:\/\/castel.it\/wp-content\/uploads\/2021\/07\/car4.jpg"},{"@type":"BreadcrumbList","@id":"https:\/\/castel.it\/fr\/qualite\/#breadcrumb","itemListElement":[{"@type":"ListItem","position":1,"name":"Home","item":"https:\/\/castel.it\/"},{"@type":"ListItem","position":2,"name":"Qualit\u00e9 Et Recherche"}]},{"@type":"WebSite","@id":"https:\/\/castel.it\/fr\/#website","url":"https:\/\/castel.it\/fr\/","name":"Castel","description":"Componenti per la refrigerazione e il condizionamento","potentialAction":[{"@type":"SearchAction","target":{"@type":"EntryPoint","urlTemplate":"https:\/\/castel.it\/fr\/?s={search_term_string}"},"query-input":{"@type":"PropertyValueSpecification","valueRequired":true,"valueName":"search_term_string"}}],"inLanguage":"fr-FR"}]}},"_links":{"self":[{"href":"https:\/\/castel.it\/fr\/wp-json\/wp\/v2\/pages\/22694"}],"collection":[{"href":"https:\/\/castel.it\/fr\/wp-json\/wp\/v2\/pages"}],"about":[{"href":"https:\/\/castel.it\/fr\/wp-json\/wp\/v2\/types\/page"}],"author":[{"embeddable":true,"href":"https:\/\/castel.it\/fr\/wp-json\/wp\/v2\/users\/1"}],"replies":[{"embeddable":true,"href":"https:\/\/castel.it\/fr\/wp-json\/wp\/v2\/comments?post=22694"}],"version-history":[{"count":4,"href":"https:\/\/castel.it\/fr\/wp-json\/wp\/v2\/pages\/22694\/revisions"}],"predecessor-version":[{"id":22698,"href":"https:\/\/castel.it\/fr\/wp-json\/wp\/v2\/pages\/22694\/revisions\/22698"}],"wp:attachment":[{"href":"https:\/\/castel.it\/fr\/wp-json\/wp\/v2\/media?parent=22694"}],"curies":[{"name":"wp","href":"https:\/\/api.w.org\/{rel}","templated":true}]}}