{"id":22691,"date":"2021-11-19T08:11:31","date_gmt":"2021-11-19T07:11:31","guid":{"rendered":"https:\/\/castel.it\/calidad-e-investigacion\/"},"modified":"2021-11-19T08:18:16","modified_gmt":"2021-11-19T07:18:16","slug":"calidad-e-investigacion","status":"publish","type":"page","link":"https:\/\/castel.it\/es\/calidad\/","title":{"rendered":"Calidad E Investigaci\u00f3n"},"content":{"rendered":"\t\t<div data-elementor-type=\"wp-page\" data-elementor-id=\"22691\" class=\"elementor elementor-22691 elementor-20855\" data-elementor-post-type=\"page\">\n\t\t\t\t\t\t<section data-particle_enable=\"false\" data-particle-mobile-disabled=\"false\" class=\"elementor-section elementor-top-section elementor-element elementor-element-78942f8 tstk-col-stretched-none tstk-bg-color-over-image elementor-section-boxed elementor-section-height-default elementor-section-height-default\" data-id=\"78942f8\" data-element_type=\"section\" data-e-type=\"section\">\n\t\t\t\t\t\t<div class=\"elementor-container elementor-column-gap-default\">\n\t\t\t\t\t<div class=\"elementor-column elementor-col-100 elementor-top-column elementor-element elementor-element-2a34210 tstk-bg-color-over-image\" data-id=\"2a34210\" data-element_type=\"column\" data-e-type=\"column\">\n\t\t\t<div class=\"elementor-widget-wrap elementor-element-populated\">\n\t\t\t\t\t\t<div class=\"elementor-element elementor-element-43dbbfb elementor-widget elementor-widget-spacer\" data-id=\"43dbbfb\" data-element_type=\"widget\" data-e-type=\"widget\" data-widget_type=\"spacer.default\">\n\t\t\t\t<div class=\"elementor-widget-container\">\n\t\t\t\t\t\t\t<div class=\"elementor-spacer\">\n\t\t\t<div class=\"elementor-spacer-inner\"><\/div>\n\t\t<\/div>\n\t\t\t\t\t\t<\/div>\n\t\t\t\t<\/div>\n\t\t\t\t<section data-particle_enable=\"false\" data-particle-mobile-disabled=\"false\" class=\"elementor-section elementor-inner-section elementor-element elementor-element-6031f93 tstk-col-stretched-none tstk-bg-color-over-image elementor-section-boxed elementor-section-height-default elementor-section-height-default\" data-id=\"6031f93\" data-element_type=\"section\" data-e-type=\"section\">\n\t\t\t\t\t\t<div class=\"elementor-container elementor-column-gap-default\">\n\t\t\t\t\t<div class=\"elementor-column elementor-col-66 elementor-inner-column elementor-element elementor-element-0a0c613 tstk-bg-color-over-image\" data-id=\"0a0c613\" data-element_type=\"column\" data-e-type=\"column\">\n\t\t\t<div class=\"elementor-widget-wrap elementor-element-populated\">\n\t\t\t\t\t\t<div class=\"elementor-element elementor-element-6469986 elementor-widget elementor-widget-text-editor\" data-id=\"6469986\" data-element_type=\"widget\" data-e-type=\"widget\" data-widget_type=\"text-editor.default\">\n\t\t\t\t<div class=\"elementor-widget-container\">\n\t\t\t\t\t\t\t\t\t<p>Siendo una de las primeras industrias italianas del sector en haber obtenido la certificaci\u00f3n de calidad empresarial, Castel ha sabido organizar toda su actividad con arreglo a criterios capaces de garantizar, con el tiempo, la fiabilidad de los productos y el m\u00e1ximo nivel de servicio.<br \/>\nSus puntos fuertes son: la capacidad organizativa, la eficiencia log\u00edstica y la puntualidad del servicio.<br \/>\nPor estos motivos, Castel ha obtenido prestigiosos reconocimientos de calidad internacionales.<br \/>\nCastel ha obtenido numerosas certificaciones de producto, de conformidad con Directivas Europeas y con Marcas de Calidad europeas y de otros pa\u00edses (como las marcas \u00abUL\u00bb y \u00abVDE\u00bb), estando todas disponibles en Internet.<\/p>\n<p>Desde hace a\u00f1os, la empresa est\u00e1 activa en el desarrollo de soluciones de vanguardia para la seguridad de las instalaciones y para el uso de nuevos refrigerantes, incluidos fluidos naturales.<br \/>\nSobre todo, desde hace tiempo existe una prol\u00edfica relaci\u00f3n de intercambio entre Castel y la Universidad Polit\u00e9cnica de Mil\u00e1n (Politecnico di Milano) que ha dado pie a interesantes investigaciones en el campo, con la posibilidad de realizar ensayos y experimentos profundizados en los equipados laboratorios de la Universidad.<br \/>\nEl compromiso de Castel con el medio ambiente es otro de los principios ineludibles de la empresa.<br \/>\nCastel est\u00e1 activa en el desarrollo de productos para sistemas de tratamiento de CO2, HC y soluciones tecnol\u00f3gicas que permitan reducir el impacto sobre el medio ambiente en todos sus proyectos de forma tanto directa como indirecta.<\/p>\n<p>Castel has been audited and approved by <strong>AQSIQ (SELO)<\/strong> to manufacture the Safety Appurtenances within the scope as: Spring loaded safety valves series 3061.<br \/>\nTechnical characteristics of the safety valves series 3061 are satisfactory according to Chinese Standard TSG ZF001-2006 \u201cSafety Supervision Regulations for Safety Valves\u201d.<\/p>\n\t\t\t\t\t\t\t\t<\/div>\n\t\t\t\t<\/div>\n\t\t\t\t\t<\/div>\n\t\t<\/div>\n\t\t\t\t<div class=\"elementor-column elementor-col-33 elementor-inner-column elementor-element elementor-element-c082015 tstk-bg-color-over-image\" data-id=\"c082015\" data-element_type=\"column\" data-e-type=\"column\">\n\t\t\t<div class=\"elementor-widget-wrap elementor-element-populated\">\n\t\t\t\t\t\t<div class=\"elementor-element elementor-element-5ba3e94 elementor-widget elementor-widget-image\" data-id=\"5ba3e94\" data-element_type=\"widget\" data-e-type=\"widget\" data-widget_type=\"image.default\">\n\t\t\t\t<div class=\"elementor-widget-container\">\n\t\t\t\t\t\t\t\t\t\t\t\t\t\t\t\t<a href=\"https:\/\/castel.it\/wp-content\/uploads\/2021\/07\/ISO14001.pdf\">\n\t\t\t\t\t\t\t<img decoding=\"async\" width=\"96\" height=\"96\" src=\"https:\/\/castel.it\/wp-content\/uploads\/2021\/07\/car4.jpg\" class=\"attachment-large size-large wp-image-21446\" alt=\"\" \/>\t\t\t\t\t\t\t\t<\/a>\n\t\t\t\t\t\t\t\t\t\t\t\t\t\t\t<\/div>\n\t\t\t\t<\/div>\n\t\t\t\t<div class=\"elementor-element elementor-element-4ffa262 elementor-widget elementor-widget-image\" data-id=\"4ffa262\" data-element_type=\"widget\" data-e-type=\"widget\" data-widget_type=\"image.default\">\n\t\t\t\t<div class=\"elementor-widget-container\">\n\t\t\t\t\t\t\t\t\t\t\t\t\t\t\t\t<a href=\"https:\/\/castel.it\/wp-content\/uploads\/2021\/07\/ISO-9001-EN.pdf\">\n\t\t\t\t\t\t\t<img decoding=\"async\" width=\"96\" height=\"96\" src=\"https:\/\/castel.it\/wp-content\/uploads\/2021\/07\/car2.jpg\" class=\"attachment-large size-large wp-image-21454\" alt=\"\" \/>\t\t\t\t\t\t\t\t<\/a>\n\t\t\t\t\t\t\t\t\t\t\t\t\t\t\t<\/div>\n\t\t\t\t<\/div>\n\t\t\t\t<div class=\"elementor-element elementor-element-5af0d76 elementor-widget elementor-widget-image\" data-id=\"5af0d76\" data-element_type=\"widget\" data-e-type=\"widget\" data-widget_type=\"image.default\">\n\t\t\t\t<div class=\"elementor-widget-container\">\n\t\t\t\t\t\t\t\t\t\t\t\t\t\t\t\t<a href=\"https:\/\/castel.it\/wp-content\/uploads\/2021\/07\/Manufature-License-Of-Special-Equipment-PRC-.pdf\">\n\t\t\t\t\t\t\t<img decoding=\"async\" width=\"150\" height=\"150\" src=\"https:\/\/castel.it\/wp-content\/uploads\/2021\/07\/Manufature-License-Of-Special-Equipment-PRC-_pages-to-jpg-0001-1-150x150-1.jpg\" class=\"attachment-large size-large wp-image-21493\" alt=\"\" \/>\t\t\t\t\t\t\t\t<\/a>\n\t\t\t\t\t\t\t\t\t\t\t\t\t\t\t<\/div>\n\t\t\t\t<\/div>\n\t\t\t\t<div class=\"elementor-element elementor-element-daaa5e6 elementor-widget elementor-widget-image\" data-id=\"daaa5e6\" data-element_type=\"widget\" data-e-type=\"widget\" data-widget_type=\"image.default\">\n\t\t\t\t<div class=\"elementor-widget-container\">\n\t\t\t\t\t\t\t\t\t\t\t\t\t\t\t\t<a href=\"https:\/\/castel.it\/wp-content\/uploads\/2021\/07\/Politica-Qualita-e-Ambiente-2018.pdf\">\n\t\t\t\t\t\t\t<img loading=\"lazy\" decoding=\"async\" width=\"96\" height=\"96\" src=\"https:\/\/castel.it\/wp-content\/uploads\/2021\/07\/logo-certificazione.png\" class=\"attachment-large size-large wp-image-21501\" alt=\"\" \/>\t\t\t\t\t\t\t\t<\/a>\n\t\t\t\t\t\t\t\t\t\t\t\t\t\t\t<\/div>\n\t\t\t\t<\/div>\n\t\t\t\t\t<\/div>\n\t\t<\/div>\n\t\t\t\t\t<\/div>\n\t\t<\/section>\n\t\t\t\t\t<\/div>\n\t\t<\/div>\n\t\t\t\t\t<\/div>\n\t\t<\/section>\n\t\t\t\t<\/div>\n\t\t","protected":false},"excerpt":{"rendered":"<p>Siendo una de las primeras industrias italianas del sector en haber obtenido la certificaci\u00f3n de calidad empresarial, Castel ha sabido organizar toda su actividad con arreglo a criterios capaces de garantizar, con el tiempo, la fiabilidad de los productos y el m\u00e1ximo nivel de servicio. Sus puntos fuertes son: la capacidad organizativa, la eficiencia log\u00edstica y la puntualidad del servicio. Por estos motivos, Castel ha obtenido prestigiosos reconocimientos de calidad[&hellip;]<\/p>\n","protected":false},"author":1,"featured_media":0,"parent":0,"menu_order":0,"comment_status":"closed","ping_status":"closed","template":"elementor_header_footer","meta":{"_acf_changed":false,"footnotes":""},"class_list":["post-22691","page","type-page","status-publish","hentry"],"acf":[],"yoast_head":"<!-- This site is optimized with the Yoast SEO plugin v25.1 - https:\/\/yoast.com\/wordpress\/plugins\/seo\/ -->\n<title>Calidad E Investigaci\u00f3n - Castel<\/title>\n<meta name=\"robots\" content=\"index, follow, max-snippet:-1, max-image-preview:large, max-video-preview:-1\" \/>\n<link rel=\"canonical\" href=\"https:\/\/castel.it\/es\/calidad\/\" \/>\n<meta property=\"og:locale\" content=\"es_ES\" \/>\n<meta property=\"og:type\" content=\"article\" \/>\n<meta property=\"og:title\" content=\"Calidad E Investigaci\u00f3n - Castel\" \/>\n<meta property=\"og:description\" content=\"Siendo una de las primeras industrias italianas del sector en haber obtenido la certificaci\u00f3n de calidad empresarial, Castel ha sabido organizar toda su actividad con arreglo a criterios capaces de garantizar, con el tiempo, la fiabilidad de los productos y el m\u00e1ximo nivel de servicio. Sus puntos fuertes son: la capacidad organizativa, la eficiencia log\u00edstica y la puntualidad del servicio. Por estos motivos, Castel ha obtenido prestigiosos reconocimientos de calidad[&hellip;]\" \/>\n<meta property=\"og:url\" content=\"https:\/\/castel.it\/es\/calidad\/\" \/>\n<meta property=\"og:site_name\" content=\"Castel\" \/>\n<meta property=\"article:modified_time\" content=\"2021-11-19T07:18:16+00:00\" \/>\n<meta property=\"og:image\" content=\"https:\/\/castel.it\/wp-content\/uploads\/2021\/07\/car4.jpg\" \/>\n<meta name=\"twitter:card\" content=\"summary_large_image\" \/>\n<meta name=\"twitter:label1\" content=\"Tiempo de lectura\" \/>\n\t<meta name=\"twitter:data1\" content=\"1 minuto\" \/>\n<script type=\"application\/ld+json\" class=\"yoast-schema-graph\">{\"@context\":\"https:\/\/schema.org\",\"@graph\":[{\"@type\":\"WebPage\",\"@id\":\"https:\/\/castel.it\/es\/calidad\/\",\"url\":\"https:\/\/castel.it\/es\/calidad\/\",\"name\":\"Calidad E Investigaci\u00f3n - Castel\",\"isPartOf\":{\"@id\":\"https:\/\/castel.it\/es\/#website\"},\"primaryImageOfPage\":{\"@id\":\"https:\/\/castel.it\/es\/calidad\/#primaryimage\"},\"image\":{\"@id\":\"https:\/\/castel.it\/es\/calidad\/#primaryimage\"},\"thumbnailUrl\":\"https:\/\/castel.it\/wp-content\/uploads\/2021\/07\/car4.jpg\",\"datePublished\":\"2021-11-19T07:11:31+00:00\",\"dateModified\":\"2021-11-19T07:18:16+00:00\",\"breadcrumb\":{\"@id\":\"https:\/\/castel.it\/es\/calidad\/#breadcrumb\"},\"inLanguage\":\"es\",\"potentialAction\":[{\"@type\":\"ReadAction\",\"target\":[\"https:\/\/castel.it\/es\/calidad\/\"]}]},{\"@type\":\"ImageObject\",\"inLanguage\":\"es\",\"@id\":\"https:\/\/castel.it\/es\/calidad\/#primaryimage\",\"url\":\"https:\/\/castel.it\/wp-content\/uploads\/2021\/07\/car4.jpg\",\"contentUrl\":\"https:\/\/castel.it\/wp-content\/uploads\/2021\/07\/car4.jpg\"},{\"@type\":\"BreadcrumbList\",\"@id\":\"https:\/\/castel.it\/es\/calidad\/#breadcrumb\",\"itemListElement\":[{\"@type\":\"ListItem\",\"position\":1,\"name\":\"Home\",\"item\":\"https:\/\/castel.it\/\"},{\"@type\":\"ListItem\",\"position\":2,\"name\":\"Calidad E Investigaci\u00f3n\"}]},{\"@type\":\"WebSite\",\"@id\":\"https:\/\/castel.it\/es\/#website\",\"url\":\"https:\/\/castel.it\/es\/\",\"name\":\"Castel\",\"description\":\"Componenti per la refrigerazione e il condizionamento\",\"potentialAction\":[{\"@type\":\"SearchAction\",\"target\":{\"@type\":\"EntryPoint\",\"urlTemplate\":\"https:\/\/castel.it\/es\/?s={search_term_string}\"},\"query-input\":{\"@type\":\"PropertyValueSpecification\",\"valueRequired\":true,\"valueName\":\"search_term_string\"}}],\"inLanguage\":\"es\"}]}<\/script>\n<!-- \/ Yoast SEO plugin. -->","yoast_head_json":{"title":"Calidad E Investigaci\u00f3n - Castel","robots":{"index":"index","follow":"follow","max-snippet":"max-snippet:-1","max-image-preview":"max-image-preview:large","max-video-preview":"max-video-preview:-1"},"canonical":"https:\/\/castel.it\/es\/calidad\/","og_locale":"es_ES","og_type":"article","og_title":"Calidad E Investigaci\u00f3n - Castel","og_description":"Siendo una de las primeras industrias italianas del sector en haber obtenido la certificaci\u00f3n de calidad empresarial, Castel ha sabido organizar toda su actividad con arreglo a criterios capaces de garantizar, con el tiempo, la fiabilidad de los productos y el m\u00e1ximo nivel de servicio. Sus puntos fuertes son: la capacidad organizativa, la eficiencia log\u00edstica y la puntualidad del servicio. Por estos motivos, Castel ha obtenido prestigiosos reconocimientos de calidad[&hellip;]","og_url":"https:\/\/castel.it\/es\/calidad\/","og_site_name":"Castel","article_modified_time":"2021-11-19T07:18:16+00:00","og_image":[{"url":"https:\/\/castel.it\/wp-content\/uploads\/2021\/07\/car4.jpg","type":"","width":"","height":""}],"twitter_card":"summary_large_image","twitter_misc":{"Tiempo de lectura":"1 minuto"},"schema":{"@context":"https:\/\/schema.org","@graph":[{"@type":"WebPage","@id":"https:\/\/castel.it\/es\/calidad\/","url":"https:\/\/castel.it\/es\/calidad\/","name":"Calidad E Investigaci\u00f3n - Castel","isPartOf":{"@id":"https:\/\/castel.it\/es\/#website"},"primaryImageOfPage":{"@id":"https:\/\/castel.it\/es\/calidad\/#primaryimage"},"image":{"@id":"https:\/\/castel.it\/es\/calidad\/#primaryimage"},"thumbnailUrl":"https:\/\/castel.it\/wp-content\/uploads\/2021\/07\/car4.jpg","datePublished":"2021-11-19T07:11:31+00:00","dateModified":"2021-11-19T07:18:16+00:00","breadcrumb":{"@id":"https:\/\/castel.it\/es\/calidad\/#breadcrumb"},"inLanguage":"es","potentialAction":[{"@type":"ReadAction","target":["https:\/\/castel.it\/es\/calidad\/"]}]},{"@type":"ImageObject","inLanguage":"es","@id":"https:\/\/castel.it\/es\/calidad\/#primaryimage","url":"https:\/\/castel.it\/wp-content\/uploads\/2021\/07\/car4.jpg","contentUrl":"https:\/\/castel.it\/wp-content\/uploads\/2021\/07\/car4.jpg"},{"@type":"BreadcrumbList","@id":"https:\/\/castel.it\/es\/calidad\/#breadcrumb","itemListElement":[{"@type":"ListItem","position":1,"name":"Home","item":"https:\/\/castel.it\/"},{"@type":"ListItem","position":2,"name":"Calidad E Investigaci\u00f3n"}]},{"@type":"WebSite","@id":"https:\/\/castel.it\/es\/#website","url":"https:\/\/castel.it\/es\/","name":"Castel","description":"Componenti per la refrigerazione e il condizionamento","potentialAction":[{"@type":"SearchAction","target":{"@type":"EntryPoint","urlTemplate":"https:\/\/castel.it\/es\/?s={search_term_string}"},"query-input":{"@type":"PropertyValueSpecification","valueRequired":true,"valueName":"search_term_string"}}],"inLanguage":"es"}]}},"_links":{"self":[{"href":"https:\/\/castel.it\/es\/wp-json\/wp\/v2\/pages\/22691"}],"collection":[{"href":"https:\/\/castel.it\/es\/wp-json\/wp\/v2\/pages"}],"about":[{"href":"https:\/\/castel.it\/es\/wp-json\/wp\/v2\/types\/page"}],"author":[{"embeddable":true,"href":"https:\/\/castel.it\/es\/wp-json\/wp\/v2\/users\/1"}],"replies":[{"embeddable":true,"href":"https:\/\/castel.it\/es\/wp-json\/wp\/v2\/comments?post=22691"}],"version-history":[{"count":5,"href":"https:\/\/castel.it\/es\/wp-json\/wp\/v2\/pages\/22691\/revisions"}],"predecessor-version":[{"id":22701,"href":"https:\/\/castel.it\/es\/wp-json\/wp\/v2\/pages\/22691\/revisions\/22701"}],"wp:attachment":[{"href":"https:\/\/castel.it\/es\/wp-json\/wp\/v2\/media?parent=22691"}],"curies":[{"name":"wp","href":"https:\/\/api.w.org\/{rel}","templated":true}]}}